{"id":197,"date":"2021-09-14T10:22:41","date_gmt":"2021-09-14T08:22:41","guid":{"rendered":"http:\/\/www.kristo-photographie.fr\/?page_id=197"},"modified":"2022-12-05T12:20:47","modified_gmt":"2022-12-05T11:20:47","slug":"accueil","status":"publish","type":"page","link":"https:\/\/www.kristo-photographie.fr\/","title":{"rendered":"Site en cours de Maintenance"},"content":{"rendered":"\n<div style=\"height:85px\" aria-hidden=\"true\" class=\"wp-block-spacer\"><\/div>\n\n\n\n<p class=\"has-text-align-center\">Le site kristo-photographie.fr est en cours de refonte compl\u00e8te<br>il sera de retour d\u00e9but octobre sous une forme compl\u00e8tement nouvelle<\/p>\n\n\n\n<figure class=\"wp-block-image aligncenter size-full\"><img loading=\"lazy\" decoding=\"async\" width=\"300\" height=\"300\" src=\"http:\/\/www.kristo-photographie.fr\/wp-content\/uploads\/2021\/09\/logo_kristo-copie-1-e1631522044224-1.png\" alt=\"\" class=\"wp-image-202\" srcset=\"https:\/\/www.kristo-photographie.fr\/wp-content\/uploads\/2021\/09\/logo_kristo-copie-1-e1631522044224-1.png 300w, https:\/\/www.kristo-photographie.fr\/wp-content\/uploads\/2021\/09\/logo_kristo-copie-1-e1631522044224-1-150x150.png 150w\" sizes=\"auto, (max-width: 300px) 100vw, 300px\" \/><\/figure>\n","protected":false},"excerpt":{"rendered":"<p>Le site kristo-photographie.fr est en cours de refonte compl\u00e8teil sera de retour d\u00e9but octobre sous une forme compl\u00e8tement nouvelle<\/p>\n","protected":false},"author":1,"featured_media":0,"parent":0,"menu_order":0,"comment_status":"closed","ping_status":"closed","template":"","meta":{"footnotes":""},"class_list":["post-197","page","type-page","status-publish","hentry"],"_links":{"self":[{"href":"https:\/\/www.kristo-photographie.fr\/index.php?rest_route=\/wp\/v2\/pages\/197","targetHints":{"allow":["GET"]}}],"collection":[{"href":"https:\/\/www.kristo-photographie.fr\/index.php?rest_route=\/wp\/v2\/pages"}],"about":[{"href":"https:\/\/www.kristo-photographie.fr\/index.php?rest_route=\/wp\/v2\/types\/page"}],"author":[{"embeddable":true,"href":"https:\/\/www.kristo-photographie.fr\/index.php?rest_route=\/wp\/v2\/users\/1"}],"replies":[{"embeddable":true,"href":"https:\/\/www.kristo-photographie.fr\/index.php?rest_route=%2Fwp%2Fv2%2Fcomments&post=197"}],"version-history":[{"count":4,"href":"https:\/\/www.kristo-photographie.fr\/index.php?rest_route=\/wp\/v2\/pages\/197\/revisions"}],"predecessor-version":[{"id":220,"href":"https:\/\/www.kristo-photographie.fr\/index.php?rest_route=\/wp\/v2\/pages\/197\/revisions\/220"}],"wp:attachment":[{"href":"https:\/\/www.kristo-photographie.fr\/index.php?rest_route=%2Fwp%2Fv2%2Fmedia&parent=197"}],"curies":[{"name":"wp","href":"https:\/\/api.w.org\/{rel}","templated":true}]}}